{"id":1961,"date":"2022-11-29T23:09:30","date_gmt":"2022-11-30T04:09:30","guid":{"rendered":"https:\/\/polarisrei.com\/our-planet\/"},"modified":"2023-08-04T10:29:06","modified_gmt":"2023-08-04T14:29:06","slug":"nuestro-planeta","status":"publish","type":"page","link":"https:\/\/polarisrei.com\/es\/nuestro-planeta\/","title":{"rendered":"Nuestro Planeta"},"content":{"rendered":"<div class=\"wpb-content-wrapper\">[vc_row equal_height=\u00bbyes\u00bb css=\u00bb.vc_custom_1669841660334{margin-right: 0px !important;margin-left: 0px !important;padding-right: 0px !important;padding-left: 0px !important;}\u00bb][vc_column css_animation=\u00bbfadeInUp\u00bb css=\u00bb.vc_custom_1671815307548{margin-right: 0px !important;margin-left: 0px !important;padding-right: 0px !important;padding-left: 0px !important;}\u00bb][vc_row_inner el_class=\u00bbsize_section_background_image\u00bb css=\u00bb.vc_custom_1691157458148{margin-right: 0px !important;margin-left: 0px !important;padding-right: 0px !important;padding-left: 0px !important;background-image: url(https:\/\/polarisrei.com\/wp-content\/uploads\/2022\/12\/ourplanet-header.jpg?id=491) !important;background-position: center !important;background-repeat: no-repeat !important;background-size: cover !important;}\u00bb][vc_column_inner][vc_column_text el_class=\u00bbtext-white roboto-medium-p size60&#8243; css=\u00bb.vc_custom_1673365195555{padding-top: 190px !important;}\u00bb]\n<p style=\"text-align: center;\">NUESTRO PLANETA<\/p>\n[\/vc_column_text][\/vc_column_inner][\/vc_row_inner][\/vc_column][\/vc_row][vc_row css=\u00bb.vc_custom_1669843929276{margin-right: 0px !important;margin-bottom: 40px !important;margin-left: 0px !important;padding-top: 50px !important;padding-right: 15px !important;padding-left: 15px !important;}\u00bb][vc_column css_animation=\u00bbfadeInUp\u00bb offset=\u00bbvc_col-lg-offset-1 vc_col-lg-10 vc_col-md-offset-1 vc_col-md-10 vc_col-sm-offset-0 vc_col-xs-10&#8243;][vc_row_inner][vc_column_inner width=\u00bb1\/4&#8243; offset=\u00bbvc_col-lg-offset-1 vc_col-lg-3 vc_col-md-offset-2 vc_col-md-10 vc_col-xs-offset-1 vc_col-xs-10&#8243;][vc_widget_sidebar sidebar_id=\u00bbfooter_area_nav-option\u00bb][\/vc_column_inner][vc_column_inner offset=\u00bbvc_col-lg-offset-0 vc_col-lg-6 vc_col-md-offset-0 vc_col-md-12 vc_col-xs-offset-1 vc_col-xs-11&#8243; css=\u00bb.vc_custom_1669843268171{margin-left: 0px !important;padding-right: 0px !important;padding-left: 0px !important;}\u00bb][vc_column_text css=\u00bb.vc_custom_1673365202562{margin-right: 0px !important;margin-left: 0px !important;padding-right: 0px !important;padding-left: 0px !important;}\u00bb el_class=\u00bbtext-blue-dark size24 roboto-regular-p\u00bb]\n<p style=\"text-align: left;\">Nos comprometemos a mantener las normas medioambientales y a aplicar sistem\u00e1ticamente sus procedimientos relacionados en todas nuestras operaciones para mitigar cualquier efecto potencial del cambio clim\u00e1tico. Nuestra responsabilidad como empresa de energ\u00edas renovables es asegurar que estamos haciendo todo lo posible para mitigar nuestra huella de carbono y facilitar la transici\u00f3n a la energ\u00eda limpia.<\/p>\n[\/vc_column_text][\/vc_column_inner][\/vc_row_inner][\/vc_column][\/vc_row][vc_row css=\u00bb.vc_custom_1671756105956{margin-top: 35px !important;margin-right: 0px !important;margin-left: 0px !important;padding-top: 20px !important;padding-right: 15px !important;padding-left: 15px !important;}\u00bb][vc_column css_animation=\u00bbfadeIn\u00bb][vc_column_text el_class=\u00bbtext-green size60 roboto-bold-p\u00bb]\n<p style=\"text-align: center;\">Nuestro compromiso<\/p>\n[\/vc_column_text][\/vc_column][\/vc_row][vc_row css=\u00bb.vc_custom_1669837797871{margin-right: 0px !important;margin-left: 0px !important;padding-top: 20px !important;padding-right: 15px !important;padding-bottom: 50px !important;padding-left: 15px !important;}\u00bb][vc_column css_animation=\u00bbfadeInUp\u00bb offset=\u00bbvc_col-lg-offset-2 vc_col-lg-8&#8243;][vc_row_inner][vc_column_inner width=\u00bb1\/3&#8243;][vc_column_text el_class=\u00bbtext-blue-dark size28 roboto-bold-p\u00bb]\n<p style=\"text-align: center;\">Estrategia para el cambio clim\u00e1tico<\/p>\n[\/vc_column_text][vc_column_text el_class=\u00bbsize24 roboto-regular-p\u00bb]\n<p style=\"text-align: center;\">Incluir los efectos del cambio clim\u00e1tico en nuestras decisiones empresariales y planes operativos.<\/p>\n[\/vc_column_text][vc_column_text css_animation=\u00bbslideInLeft\u00bb]\n<p style=\"text-align: center;\"><img loading=\"lazy\" decoding=\"async\" class=\"alignnone size-full wp-image-501\" src=\"https:\/\/polarisrei.com\/wp-content\/uploads\/2022\/12\/our-planet2.png\" alt=\"\" width=\"95\" height=\"95\" \/>\u00a0 \u00a0<img loading=\"lazy\" decoding=\"async\" class=\"alignnone size-full wp-image-467\" src=\"https:\/\/polarisrei.com\/wp-content\/uploads\/2022\/11\/Community-Development3.png\" alt=\"\" width=\"95\" height=\"95\" \/><\/p>\n[\/vc_column_text][\/vc_column_inner][vc_column_inner width=\u00bb1\/3&#8243;][vc_column_text el_class=\u00bbtext-blue-dark size28 roboto-bold-p\u00bb]\n<p style=\"text-align: center;\">Reducci\u00f3n de emisiones<\/p>\n[\/vc_column_text][vc_column_text el_class=\u00bbsize24 roboto-regular-p\u00bb]\n<p style=\"text-align: center;\">Evaluar y reducir nuestra huella de carbono, as\u00ed como medir las emisiones compensadas o evitadas por nuestra generaci\u00f3n de energ\u00eda renovable.<\/p>\n[\/vc_column_text][vc_column_text css_animation=\u00bbslideInUp\u00bb]\n<p style=\"text-align: center;\"><img loading=\"lazy\" decoding=\"async\" class=\"alignnone size-full wp-image-501\" src=\"https:\/\/polarisrei.com\/wp-content\/uploads\/2022\/12\/our-planet2.png\" alt=\"\" width=\"95\" height=\"95\" \/>\u00a0 \u00a0<img loading=\"lazy\" decoding=\"async\" class=\"alignnone size-full wp-image-467\" src=\"https:\/\/polarisrei.com\/wp-content\/uploads\/2022\/11\/Community-Development3.png\" alt=\"\" width=\"95\" height=\"95\" \/><\/p>\n[\/vc_column_text][\/vc_column_inner][vc_column_inner width=\u00bb1\/3&#8243;][vc_column_text el_class=\u00bbtext-blue-dark size28 roboto-bold-p\u00bb]\n<p style=\"text-align: center;\">Gesti\u00f3n del agua<\/p>\n[\/vc_column_text][vc_column_text el_class=\u00bbsize24 roboto-regular-p\u00bb]\n<p style=\"text-align: center;\">Minimizar nuestro consumo de agua como recurso no renovable y garantizar que la calidad del agua no se vea afectada negativamente por nuestras operaciones.<\/p>\n[\/vc_column_text][vc_column_text css_animation=\u00bbslideInRight\u00bb]\n<p style=\"text-align: center;\"><img loading=\"lazy\" decoding=\"async\" class=\"alignnone wp-image-496 size-full\" src=\"https:\/\/polarisrei.com\/wp-content\/uploads\/2022\/12\/our-planet-icon3.png\" alt=\"\" width=\"95\" height=\"95\" \/>\u00a0 \u00a0<img loading=\"lazy\" decoding=\"async\" class=\"alignnone wp-image-497 size-full\" src=\"https:\/\/polarisrei.com\/wp-content\/uploads\/2022\/12\/our-planet-icon4.png\" alt=\"\" width=\"95\" height=\"95\" \/><\/p>\n[\/vc_column_text][\/vc_column_inner][\/vc_row_inner][\/vc_column][\/vc_row][vc_row css=\u00bb.vc_custom_1669837797871{margin-right: 0px !important;margin-left: 0px !important;padding-top: 20px !important;padding-right: 15px !important;padding-bottom: 50px !important;padding-left: 15px !important;}\u00bb][vc_column css_animation=\u00bbfadeInUp\u00bb offset=\u00bbvc_col-lg-offset-2 vc_col-lg-8&#8243;][vc_row_inner][vc_column_inner width=\u00bb1\/3&#8243;][vc_column_text el_class=\u00bbtext-blue-dark size28 roboto-bold-p\u00bb]\n<p style=\"text-align: center;\">Biodiversidad<\/p>\n[\/vc_column_text][vc_column_text el_class=\u00bbsize24 roboto-regular-p\u00bb]\n<p style=\"text-align: center;\">Contribuir a la protecci\u00f3n de la biodiversidad aplicando proactivamente una gesti\u00f3n centrada en la prevenci\u00f3n y medidas de mitigaci\u00f3n oportunas, trabajando con las partes interesadas para identificar, evitar, mitigar, minimizar o compensar los impactos.<\/p>\n[\/vc_column_text][vc_column_text css_animation=\u00bbslideInLeft\u00bb]\n<p style=\"text-align: center;\"><img loading=\"lazy\" decoding=\"async\" class=\"alignnone size-full wp-image-501\" src=\"https:\/\/polarisrei.com\/wp-content\/uploads\/2022\/12\/our-planet2.png\" alt=\"\" width=\"95\" height=\"95\" \/>\u00a0 \u00a0<img loading=\"lazy\" decoding=\"async\" class=\"alignnone wp-image-496 size-full\" src=\"https:\/\/polarisrei.com\/wp-content\/uploads\/2022\/12\/our-planet-icon3.png\" alt=\"\" width=\"95\" height=\"95\" \/> \u00a0<img loading=\"lazy\" decoding=\"async\" class=\"alignnone wp-image-497 size-full\" src=\"https:\/\/polarisrei.com\/wp-content\/uploads\/2022\/12\/our-planet-icon4.png\" alt=\"\" width=\"95\" height=\"95\" \/><\/p>\n[\/vc_column_text][\/vc_column_inner][vc_column_inner width=\u00bb1\/3&#8243;][vc_column_text el_class=\u00bbtext-blue-dark size28 roboto-bold-p\u00bb]\n<p style=\"text-align: center;\">Gesti\u00f3n de residuos<\/p>\n[\/vc_column_text][vc_column_text el_class=\u00bbsize24 roboto-regular-p\u00bb]\n<p style=\"text-align: center;\">Integrar los principios de la econom\u00eda circular en nuestra gesti\u00f3n de residuos y preferir el uso de materiales sostenibles en los componentes de nuestras tecnolog\u00edas.<\/p>\n[\/vc_column_text][vc_column_text css_animation=\u00bbslideInUp\u00bb]\n<p style=\"text-align: center;\"><img loading=\"lazy\" decoding=\"async\" class=\"alignnone wp-image-499 size-full\" src=\"https:\/\/polarisrei.com\/wp-content\/uploads\/2022\/12\/our-planet-icon6.png\" alt=\"\" width=\"95\" height=\"95\" \/>\u00a0 \u00a0<img loading=\"lazy\" decoding=\"async\" class=\"alignnone wp-image-463 size-full\" src=\"https:\/\/polarisrei.com\/wp-content\/uploads\/2022\/11\/SustainableSupplyChain.png\" alt=\"\" width=\"95\" height=\"95\" \/><\/p>\n[\/vc_column_text][\/vc_column_inner][\/vc_row_inner][\/vc_column][\/vc_row]\n<\/div>","protected":false},"excerpt":{"rendered":"<p> [&hellip;]<\/p>\n","protected":false},"author":2,"featured_media":0,"parent":0,"menu_order":19,"comment_status":"closed","ping_status":"closed","template":"","meta":{"_acf_changed":false,"inline_featured_image":false,"footnotes":""},"class_list":["post-1961","page","type-page","status-publish","hentry"],"acf":[],"yoast_head":"<!-- This site is optimized with the Yoast SEO plugin v22.7 - https:\/\/yoast.com\/wordpress\/plugins\/seo\/ -->\n<title>Nuestro Planeta - Polaris Renewable Energy Inc.<\/title>\n<meta name=\"robots\" content=\"index, follow, max-snippet:-1, max-image-preview:large, max-video-preview:-1\" \/>\n<link rel=\"canonical\" href=\"https:\/\/polarisrei.com\/es\/nuestro-planeta\/\" \/>\n<meta property=\"og:locale\" content=\"es_ES\" \/>\n<meta property=\"og:type\" content=\"article\" \/>\n<meta property=\"og:title\" content=\"Nuestro Planeta - Polaris Renewable Energy Inc.\" \/>\n<meta property=\"og:description\" content=\"[&hellip;]\" \/>\n<meta property=\"og:url\" content=\"https:\/\/polarisrei.com\/es\/nuestro-planeta\/\" \/>\n<meta property=\"og:site_name\" content=\"Polaris Renewable Energy Inc.\" \/>\n<meta property=\"article:modified_time\" content=\"2023-08-04T14:29:06+00:00\" \/>\n<meta property=\"og:image\" content=\"https:\/\/polarisrei.com\/wp-content\/uploads\/2022\/12\/our-planet2.png\" \/>\n<meta name=\"twitter:card\" content=\"summary_large_image\" \/>\n<meta name=\"twitter:label1\" content=\"Tiempo de lectura\" \/>\n\t<meta name=\"twitter:data1\" content=\"4 minutos\" \/>\n<script type=\"application\/ld+json\" class=\"yoast-schema-graph\">{\"@context\":\"https:\/\/schema.org\",\"@graph\":[{\"@type\":\"WebPage\",\"@id\":\"https:\/\/polarisrei.com\/es\/nuestro-planeta\/\",\"url\":\"https:\/\/polarisrei.com\/es\/nuestro-planeta\/\",\"name\":\"Nuestro Planeta - Polaris Renewable Energy Inc.\",\"isPartOf\":{\"@id\":\"https:\/\/polarisrei.com\/#website\"},\"primaryImageOfPage\":{\"@id\":\"https:\/\/polarisrei.com\/es\/nuestro-planeta\/#primaryimage\"},\"image\":{\"@id\":\"https:\/\/polarisrei.com\/es\/nuestro-planeta\/#primaryimage\"},\"thumbnailUrl\":\"https:\/\/polarisrei.com\/wp-content\/uploads\/2022\/12\/our-planet2.png\",\"datePublished\":\"2022-11-30T04:09:30+00:00\",\"dateModified\":\"2023-08-04T14:29:06+00:00\",\"breadcrumb\":{\"@id\":\"https:\/\/polarisrei.com\/es\/nuestro-planeta\/#breadcrumb\"},\"inLanguage\":\"es\",\"potentialAction\":[{\"@type\":\"ReadAction\",\"target\":[\"https:\/\/polarisrei.com\/es\/nuestro-planeta\/\"]}]},{\"@type\":\"ImageObject\",\"inLanguage\":\"es\",\"@id\":\"https:\/\/polarisrei.com\/es\/nuestro-planeta\/#primaryimage\",\"url\":\"https:\/\/polarisrei.com\/wp-content\/uploads\/2022\/12\/our-planet2.png\",\"contentUrl\":\"https:\/\/polarisrei.com\/wp-content\/uploads\/2022\/12\/our-planet2.png\"},{\"@type\":\"BreadcrumbList\",\"@id\":\"https:\/\/polarisrei.com\/es\/nuestro-planeta\/#breadcrumb\",\"itemListElement\":[{\"@type\":\"ListItem\",\"position\":1,\"name\":\"Home\",\"item\":\"https:\/\/polarisrei.com\/es\/\"},{\"@type\":\"ListItem\",\"position\":2,\"name\":\"Nuestro Planeta\"}]},{\"@type\":\"WebSite\",\"@id\":\"https:\/\/polarisrei.com\/#website\",\"url\":\"https:\/\/polarisrei.com\/\",\"name\":\"Polaris Renewable Energy Inc.\",\"description\":\"\",\"publisher\":{\"@id\":\"https:\/\/polarisrei.com\/#organization\"},\"potentialAction\":[{\"@type\":\"SearchAction\",\"target\":{\"@type\":\"EntryPoint\",\"urlTemplate\":\"https:\/\/polarisrei.com\/?s={search_term_string}\"},\"query-input\":\"required name=search_term_string\"}],\"inLanguage\":\"es\"},{\"@type\":\"Organization\",\"@id\":\"https:\/\/polarisrei.com\/#organization\",\"name\":\"Polaris Renewable Energy Inc.\",\"url\":\"https:\/\/polarisrei.com\/\",\"logo\":{\"@type\":\"ImageObject\",\"inLanguage\":\"es\",\"@id\":\"https:\/\/polarisrei.com\/#\/schema\/logo\/image\/\",\"url\":\"https:\/\/polarisrei.com\/wp-content\/uploads\/2022\/12\/polaris-logo-hight-resolution.png\",\"contentUrl\":\"https:\/\/polarisrei.com\/wp-content\/uploads\/2022\/12\/polaris-logo-hight-resolution.png\",\"width\":3750,\"height\":959,\"caption\":\"Polaris Renewable Energy Inc.\"},\"image\":{\"@id\":\"https:\/\/polarisrei.com\/#\/schema\/logo\/image\/\"}}]}<\/script>\n<!-- \/ Yoast SEO plugin. -->","yoast_head_json":{"title":"Nuestro Planeta - Polaris Renewable Energy Inc.","robots":{"index":"index","follow":"follow","max-snippet":"max-snippet:-1","max-image-preview":"max-image-preview:large","max-video-preview":"max-video-preview:-1"},"canonical":"https:\/\/polarisrei.com\/es\/nuestro-planeta\/","og_locale":"es_ES","og_type":"article","og_title":"Nuestro Planeta - Polaris Renewable Energy Inc.","og_description":"[&hellip;]","og_url":"https:\/\/polarisrei.com\/es\/nuestro-planeta\/","og_site_name":"Polaris Renewable Energy Inc.","article_modified_time":"2023-08-04T14:29:06+00:00","og_image":[{"url":"https:\/\/polarisrei.com\/wp-content\/uploads\/2022\/12\/our-planet2.png"}],"twitter_card":"summary_large_image","twitter_misc":{"Tiempo de lectura":"4 minutos"},"schema":{"@context":"https:\/\/schema.org","@graph":[{"@type":"WebPage","@id":"https:\/\/polarisrei.com\/es\/nuestro-planeta\/","url":"https:\/\/polarisrei.com\/es\/nuestro-planeta\/","name":"Nuestro Planeta - Polaris Renewable Energy Inc.","isPartOf":{"@id":"https:\/\/polarisrei.com\/#website"},"primaryImageOfPage":{"@id":"https:\/\/polarisrei.com\/es\/nuestro-planeta\/#primaryimage"},"image":{"@id":"https:\/\/polarisrei.com\/es\/nuestro-planeta\/#primaryimage"},"thumbnailUrl":"https:\/\/polarisrei.com\/wp-content\/uploads\/2022\/12\/our-planet2.png","datePublished":"2022-11-30T04:09:30+00:00","dateModified":"2023-08-04T14:29:06+00:00","breadcrumb":{"@id":"https:\/\/polarisrei.com\/es\/nuestro-planeta\/#breadcrumb"},"inLanguage":"es","potentialAction":[{"@type":"ReadAction","target":["https:\/\/polarisrei.com\/es\/nuestro-planeta\/"]}]},{"@type":"ImageObject","inLanguage":"es","@id":"https:\/\/polarisrei.com\/es\/nuestro-planeta\/#primaryimage","url":"https:\/\/polarisrei.com\/wp-content\/uploads\/2022\/12\/our-planet2.png","contentUrl":"https:\/\/polarisrei.com\/wp-content\/uploads\/2022\/12\/our-planet2.png"},{"@type":"BreadcrumbList","@id":"https:\/\/polarisrei.com\/es\/nuestro-planeta\/#breadcrumb","itemListElement":[{"@type":"ListItem","position":1,"name":"Home","item":"https:\/\/polarisrei.com\/es\/"},{"@type":"ListItem","position":2,"name":"Nuestro Planeta"}]},{"@type":"WebSite","@id":"https:\/\/polarisrei.com\/#website","url":"https:\/\/polarisrei.com\/","name":"Polaris Renewable Energy Inc.","description":"","publisher":{"@id":"https:\/\/polarisrei.com\/#organization"},"potentialAction":[{"@type":"SearchAction","target":{"@type":"EntryPoint","urlTemplate":"https:\/\/polarisrei.com\/?s={search_term_string}"},"query-input":"required name=search_term_string"}],"inLanguage":"es"},{"@type":"Organization","@id":"https:\/\/polarisrei.com\/#organization","name":"Polaris Renewable Energy Inc.","url":"https:\/\/polarisrei.com\/","logo":{"@type":"ImageObject","inLanguage":"es","@id":"https:\/\/polarisrei.com\/#\/schema\/logo\/image\/","url":"https:\/\/polarisrei.com\/wp-content\/uploads\/2022\/12\/polaris-logo-hight-resolution.png","contentUrl":"https:\/\/polarisrei.com\/wp-content\/uploads\/2022\/12\/polaris-logo-hight-resolution.png","width":3750,"height":959,"caption":"Polaris Renewable Energy Inc."},"image":{"@id":"https:\/\/polarisrei.com\/#\/schema\/logo\/image\/"}}]}},"_links":{"self":[{"href":"https:\/\/polarisrei.com\/es\/wp-json\/wp\/v2\/pages\/1961","targetHints":{"allow":["GET"]}}],"collection":[{"href":"https:\/\/polarisrei.com\/es\/wp-json\/wp\/v2\/pages"}],"about":[{"href":"https:\/\/polarisrei.com\/es\/wp-json\/wp\/v2\/types\/page"}],"author":[{"embeddable":true,"href":"https:\/\/polarisrei.com\/es\/wp-json\/wp\/v2\/users\/2"}],"replies":[{"embeddable":true,"href":"https:\/\/polarisrei.com\/es\/wp-json\/wp\/v2\/comments?post=1961"}],"version-history":[{"count":7,"href":"https:\/\/polarisrei.com\/es\/wp-json\/wp\/v2\/pages\/1961\/revisions"}],"predecessor-version":[{"id":2954,"href":"https:\/\/polarisrei.com\/es\/wp-json\/wp\/v2\/pages\/1961\/revisions\/2954"}],"wp:attachment":[{"href":"https:\/\/polarisrei.com\/es\/wp-json\/wp\/v2\/media?parent=1961"}],"curies":[{"name":"wp","href":"https:\/\/api.w.org\/{rel}","templated":true}]}}